{"id":23888,"date":"2020-12-03T10:18:28","date_gmt":"2020-12-03T09:18:28","guid":{"rendered":"https:\/\/www.z-oneconcept.com\/no-inhibition\/"},"modified":"2024-09-13T11:12:21","modified_gmt":"2024-09-13T09:12:21","slug":"no-inhibition","status":"publish","type":"page","link":"https:\/\/www.z-oneconcept.com\/fr\/no-inhibition\/","title":{"rendered":"NO_INHIBITION"},"content":{"rendered":"","protected":false},"excerpt":{"rendered":"","protected":false},"author":3,"featured_media":0,"parent":0,"menu_order":0,"comment_status":"closed","ping_status":"closed","template":"tpl-home-brands.php","meta":{"_acf_changed":false,"footnotes":""},"class_list":["post-23888","page","type-page","status-publish","hentry"],"acf":[],"yoast_head":"<!-- This site is optimized with the Yoast SEO plugin v27.3 - https:\/\/yoast.com\/product\/yoast-seo-wordpress\/ -->\n<title>NO INHIBITION hair | z.one concept \u2122<\/title>\n<meta name=\"description\" content=\"NO INHIBITION hair | Une gamme \u00e9tonnante de produits innovants d\u00e9di\u00e9s aux cheveux pour les garder parfaits, des services en salon aux produits de soins capillaires \u00e0 utiliser \u00e0 la maison\" \/>\n<meta name=\"robots\" content=\"index, follow, max-snippet:-1, max-image-preview:large, max-video-preview:-1\" \/>\n<link rel=\"canonical\" href=\"https:\/\/www.z-oneconcept.com\/fr\/no-inhibition\/\" \/>\n<meta property=\"og:locale\" content=\"fr_FR\" \/>\n<meta property=\"og:type\" content=\"article\" \/>\n<meta property=\"og:title\" content=\"NO INHIBITION hair | z.one concept \u2122\" \/>\n<meta property=\"og:description\" content=\"NO INHIBITION hair | Une gamme \u00e9tonnante de produits innovants d\u00e9di\u00e9s aux cheveux pour les garder parfaits, des services en salon aux produits de soins capillaires \u00e0 utiliser \u00e0 la maison\" \/>\n<meta property=\"og:url\" content=\"https:\/\/www.z-oneconcept.com\/fr\/no-inhibition\/\" \/>\n<meta property=\"og:site_name\" content=\"z-one concept\" \/>\n<meta property=\"article:publisher\" content=\"https:\/\/www.facebook.com\/zoneconceptofficial\/\" \/>\n<meta property=\"article:modified_time\" content=\"2024-09-13T09:12:21+00:00\" \/>\n<meta property=\"og:image\" content=\"https:\/\/www.z-oneconcept.com\/wp-content\/uploads\/2024\/10\/MS-IMG-ANTEPRIMA-SITO-Z.ONE_.jpg\" \/>\n\t<meta property=\"og:image:width\" content=\"1200\" \/>\n\t<meta property=\"og:image:height\" content=\"630\" \/>\n\t<meta property=\"og:image:type\" content=\"image\/jpeg\" \/>\n<meta name=\"twitter:card\" content=\"summary_large_image\" \/>\n<script type=\"application\/ld+json\" class=\"yoast-schema-graph\">{\"@context\":\"https:\\\/\\\/schema.org\",\"@graph\":[{\"@type\":\"WebPage\",\"@id\":\"https:\\\/\\\/www.z-oneconcept.com\\\/fr\\\/no-inhibition\\\/\",\"url\":\"https:\\\/\\\/www.z-oneconcept.com\\\/fr\\\/no-inhibition\\\/\",\"name\":\"NO INHIBITION hair | z.one concept \u2122\",\"isPartOf\":{\"@id\":\"https:\\\/\\\/www.z-oneconcept.com\\\/fr\\\/#website\"},\"datePublished\":\"2020-12-03T09:18:28+00:00\",\"dateModified\":\"2024-09-13T09:12:21+00:00\",\"description\":\"NO INHIBITION hair | Une gamme \u00e9tonnante de produits innovants d\u00e9di\u00e9s aux cheveux pour les garder parfaits, des services en salon aux produits de soins capillaires \u00e0 utiliser \u00e0 la maison\",\"breadcrumb\":{\"@id\":\"https:\\\/\\\/www.z-oneconcept.com\\\/fr\\\/no-inhibition\\\/#breadcrumb\"},\"inLanguage\":\"fr-FR\",\"potentialAction\":[{\"@type\":\"ReadAction\",\"target\":[\"https:\\\/\\\/www.z-oneconcept.com\\\/fr\\\/no-inhibition\\\/\"]}]},{\"@type\":\"BreadcrumbList\",\"@id\":\"https:\\\/\\\/www.z-oneconcept.com\\\/fr\\\/no-inhibition\\\/#breadcrumb\",\"itemListElement\":[{\"@type\":\"ListItem\",\"position\":1,\"name\":\"Home\",\"item\":\"https:\\\/\\\/www.z-oneconcept.com\\\/fr\\\/\"},{\"@type\":\"ListItem\",\"position\":2,\"name\":\"NO_INHIBITION\"}]},{\"@type\":\"WebSite\",\"@id\":\"https:\\\/\\\/www.z-oneconcept.com\\\/fr\\\/#website\",\"url\":\"https:\\\/\\\/www.z-oneconcept.com\\\/fr\\\/\",\"name\":\"z-one concept\",\"description\":\"\",\"publisher\":{\"@id\":\"https:\\\/\\\/www.z-oneconcept.com\\\/fr\\\/#organization\"},\"potentialAction\":[{\"@type\":\"SearchAction\",\"target\":{\"@type\":\"EntryPoint\",\"urlTemplate\":\"https:\\\/\\\/www.z-oneconcept.com\\\/fr\\\/?s={search_term_string}\"},\"query-input\":{\"@type\":\"PropertyValueSpecification\",\"valueRequired\":true,\"valueName\":\"search_term_string\"}}],\"inLanguage\":\"fr-FR\"},{\"@type\":\"Organization\",\"@id\":\"https:\\\/\\\/www.z-oneconcept.com\\\/fr\\\/#organization\",\"name\":\"z.one concept\u2122 | milk_shake, Simply Zen, NO INHIBITION\",\"url\":\"https:\\\/\\\/www.z-oneconcept.com\\\/fr\\\/\",\"logo\":{\"@type\":\"ImageObject\",\"inLanguage\":\"fr-FR\",\"@id\":\"https:\\\/\\\/www.z-oneconcept.com\\\/fr\\\/#\\\/schema\\\/logo\\\/image\\\/\",\"url\":\"https:\\\/\\\/www.z-oneconcept.com\\\/wp-content\\\/uploads\\\/2020\\\/11\\\/zone-concept.png\",\"contentUrl\":\"https:\\\/\\\/www.z-oneconcept.com\\\/wp-content\\\/uploads\\\/2020\\\/11\\\/zone-concept.png\",\"width\":1405,\"height\":177,\"caption\":\"z.one concept\u2122 | milk_shake, Simply Zen, NO INHIBITION\"},\"image\":{\"@id\":\"https:\\\/\\\/www.z-oneconcept.com\\\/fr\\\/#\\\/schema\\\/logo\\\/image\\\/\"},\"sameAs\":[\"https:\\\/\\\/www.facebook.com\\\/zoneconceptofficial\\\/\",\"https:\\\/\\\/www.instagram.com\\\/zoneconceptofficial\\\/\",\"https:\\\/\\\/www.youtube.com\\\/user\\\/zoneconceptsrl\"]}]}<\/script>\n<!-- \/ Yoast SEO plugin. -->","yoast_head_json":{"title":"NO INHIBITION hair | z.one concept \u2122","description":"NO INHIBITION hair | Une gamme \u00e9tonnante de produits innovants d\u00e9di\u00e9s aux cheveux pour les garder parfaits, des services en salon aux produits de soins capillaires \u00e0 utiliser \u00e0 la maison","robots":{"index":"index","follow":"follow","max-snippet":"max-snippet:-1","max-image-preview":"max-image-preview:large","max-video-preview":"max-video-preview:-1"},"canonical":"https:\/\/www.z-oneconcept.com\/fr\/no-inhibition\/","og_locale":"fr_FR","og_type":"article","og_title":"NO INHIBITION hair | z.one concept \u2122","og_description":"NO INHIBITION hair | Une gamme \u00e9tonnante de produits innovants d\u00e9di\u00e9s aux cheveux pour les garder parfaits, des services en salon aux produits de soins capillaires \u00e0 utiliser \u00e0 la maison","og_url":"https:\/\/www.z-oneconcept.com\/fr\/no-inhibition\/","og_site_name":"z-one concept","article_publisher":"https:\/\/www.facebook.com\/zoneconceptofficial\/","article_modified_time":"2024-09-13T09:12:21+00:00","og_image":[{"width":1200,"height":630,"url":"https:\/\/www.z-oneconcept.com\/wp-content\/uploads\/2024\/10\/MS-IMG-ANTEPRIMA-SITO-Z.ONE_.jpg","type":"image\/jpeg"}],"twitter_card":"summary_large_image","schema":{"@context":"https:\/\/schema.org","@graph":[{"@type":"WebPage","@id":"https:\/\/www.z-oneconcept.com\/fr\/no-inhibition\/","url":"https:\/\/www.z-oneconcept.com\/fr\/no-inhibition\/","name":"NO INHIBITION hair | z.one concept \u2122","isPartOf":{"@id":"https:\/\/www.z-oneconcept.com\/fr\/#website"},"datePublished":"2020-12-03T09:18:28+00:00","dateModified":"2024-09-13T09:12:21+00:00","description":"NO INHIBITION hair | Une gamme \u00e9tonnante de produits innovants d\u00e9di\u00e9s aux cheveux pour les garder parfaits, des services en salon aux produits de soins capillaires \u00e0 utiliser \u00e0 la maison","breadcrumb":{"@id":"https:\/\/www.z-oneconcept.com\/fr\/no-inhibition\/#breadcrumb"},"inLanguage":"fr-FR","potentialAction":[{"@type":"ReadAction","target":["https:\/\/www.z-oneconcept.com\/fr\/no-inhibition\/"]}]},{"@type":"BreadcrumbList","@id":"https:\/\/www.z-oneconcept.com\/fr\/no-inhibition\/#breadcrumb","itemListElement":[{"@type":"ListItem","position":1,"name":"Home","item":"https:\/\/www.z-oneconcept.com\/fr\/"},{"@type":"ListItem","position":2,"name":"NO_INHIBITION"}]},{"@type":"WebSite","@id":"https:\/\/www.z-oneconcept.com\/fr\/#website","url":"https:\/\/www.z-oneconcept.com\/fr\/","name":"z-one concept","description":"","publisher":{"@id":"https:\/\/www.z-oneconcept.com\/fr\/#organization"},"potentialAction":[{"@type":"SearchAction","target":{"@type":"EntryPoint","urlTemplate":"https:\/\/www.z-oneconcept.com\/fr\/?s={search_term_string}"},"query-input":{"@type":"PropertyValueSpecification","valueRequired":true,"valueName":"search_term_string"}}],"inLanguage":"fr-FR"},{"@type":"Organization","@id":"https:\/\/www.z-oneconcept.com\/fr\/#organization","name":"z.one concept\u2122 | milk_shake, Simply Zen, NO INHIBITION","url":"https:\/\/www.z-oneconcept.com\/fr\/","logo":{"@type":"ImageObject","inLanguage":"fr-FR","@id":"https:\/\/www.z-oneconcept.com\/fr\/#\/schema\/logo\/image\/","url":"https:\/\/www.z-oneconcept.com\/wp-content\/uploads\/2020\/11\/zone-concept.png","contentUrl":"https:\/\/www.z-oneconcept.com\/wp-content\/uploads\/2020\/11\/zone-concept.png","width":1405,"height":177,"caption":"z.one concept\u2122 | milk_shake, Simply Zen, NO INHIBITION"},"image":{"@id":"https:\/\/www.z-oneconcept.com\/fr\/#\/schema\/logo\/image\/"},"sameAs":["https:\/\/www.facebook.com\/zoneconceptofficial\/","https:\/\/www.instagram.com\/zoneconceptofficial\/","https:\/\/www.youtube.com\/user\/zoneconceptsrl"]}]}},"_links":{"self":[{"href":"https:\/\/www.z-oneconcept.com\/fr\/wp-json\/wp\/v2\/pages\/23888","targetHints":{"allow":["GET"]}}],"collection":[{"href":"https:\/\/www.z-oneconcept.com\/fr\/wp-json\/wp\/v2\/pages"}],"about":[{"href":"https:\/\/www.z-oneconcept.com\/fr\/wp-json\/wp\/v2\/types\/page"}],"author":[{"embeddable":true,"href":"https:\/\/www.z-oneconcept.com\/fr\/wp-json\/wp\/v2\/users\/3"}],"replies":[{"embeddable":true,"href":"https:\/\/www.z-oneconcept.com\/fr\/wp-json\/wp\/v2\/comments?post=23888"}],"version-history":[{"count":3,"href":"https:\/\/www.z-oneconcept.com\/fr\/wp-json\/wp\/v2\/pages\/23888\/revisions"}],"predecessor-version":[{"id":35726,"href":"https:\/\/www.z-oneconcept.com\/fr\/wp-json\/wp\/v2\/pages\/23888\/revisions\/35726"}],"wp:attachment":[{"href":"https:\/\/www.z-oneconcept.com\/fr\/wp-json\/wp\/v2\/media?parent=23888"}],"curies":[{"name":"wp","href":"https:\/\/api.w.org\/{rel}","templated":true}]}}